{"id":352,"date":"2020-07-07T14:12:26","date_gmt":"2020-07-07T07:12:26","guid":{"rendered":"http:\/\/vinhpharma.com\/?post_type=product&#038;p=352"},"modified":"2025-09-02T23:07:15","modified_gmt":"2025-09-02T16:07:15","slug":"bat-tran-linh-dan-vien-nang","status":"publish","type":"product","link":"https:\/\/vinhpharma.com\/?product=bat-tran-linh-dan-vien-nang","title":{"rendered":"B\u00e1t Tr\u00e2n Linh \u0110an (VI\u00caN NANG)"},"content":{"rendered":"<div>H\u1ed7 tr\u1ee3 t\u0103ng c\u01b0\u1eddng th\u1ec3 l\u1ef1c, t\u0103ng c\u01b0\u1eddng s\u1ee9c \u0111\u1ec1 kh\u00e1ng.<br \/>\nTh\u00e0nh ph\u1ea7n: 1 vi\u00ean c\u00f3 ch\u1ee9a 850 mg cao h\u1ed7n h\u1ee3p, t\u01b0\u01a1ng \u0111\u01b0\u01a1ng v\u1edbi 8500 mg d\u01b0\u1ee3c li\u1ec7u Nh\u00e2n s\u00e2m, \u0110\u01b0\u01a1ng quy, Th\u1ee5c \u0111\u1ecba, B\u1ea1ch linh, B\u1ea1ch th\u01b0\u1ee3c, B\u1ea1ch tru\u1eadt, Xuy\u00ean khung, Cam th\u1ea3o.<\/div>\n<div>Ph\u1ee5 li\u1ec7u: V\u1ecf nang gelatin, b\u1ed9t b\u1eafp, ch\u1ea5t ch\u1ed1ng \u0111\u00f4ng v\u00f3n 553(iii), ch\u1ea5t \u1ed5n \u0111\u1ecbnh 170(i), magnesium stearate, polyvinylpyrrolidone (1201), aerosil 200, syloid, ch\u1ea5t b\u1ea3o qu\u1ea3n (216, 218) v\u1eeba \u0111\u1ee7 1 vi\u00ean.<\/div>\n<div><\/div>\n<div>C\u00f4ng d\u1ee5ng: H\u1ed7 tr\u1ee3 t\u0103ng c\u01b0\u1eddng th\u1ec3 l\u1ef1c, t\u0103ng c\u01b0\u1eddng s\u1ee9c \u0111\u1ec1 kh\u00e1ng, gi\u1ea3m m\u1ec7t m\u1ecfi.<\/div>\n<div><\/div>\n<div>\u0110\u1ed1i t\u01b0\u1ee3ng s\u1eed d\u1ee5ng: D\u00f9ng cho ng\u01b0\u1eddi m\u1ec7t m\u1ecfi, s\u1ee9c kh\u1ecfe k\u00e9m, s\u1ee9c \u0111\u1ec1 kh\u00e1ng k\u00e9m. Ng\u01b0\u1eddi b\u1ecb suy nh\u01b0\u1ee3c c\u01a1 th\u1ec3, ng\u01b0\u1eddi ch\u00e1n \u0103n, ng\u1ee7 k\u00e9m. Ng\u01b0\u1eddi\u00a0c\u1ea7n t\u0103ng c\u01b0\u1eddng th\u1ec3 l\u1ef1c, t\u0103ng c\u01b0\u1eddng s\u1ee9c \u0111\u1ec1 kh\u00e1ng.<\/div>\n<div><\/div>\n<div>C\u00e1ch d\u00f9ng: Ng\u00e0y u\u1ed1ng 2 l\u1ea7n: s\u00e1ng 3 vi\u00ean, t\u1ed1i 3 vi\u00ean, tr\u01b0\u1edbc b\u1eefa \u0103n 30 ph\u00fat. N\u00ean s\u1eed d\u1ee5ng \u00edt nh\u1ea5t m\u1ed9t \u0111\u1ee3t t\u1eeb 1-3 th\u00e1ng \u0111\u1ec3 c\u00f3 hi\u1ec7u qu\u1ea3 t\u1ed1t.<\/div>\n<div><\/div>\n<div>Th\u1ef1c ph\u1ea9m n\u00e0y kh\u00f4ng ph\u1ea3i l\u00e0 thu\u1ed1c, kh\u00f4ng c\u00f3 t\u00e1c d\u1ee5ng thay th\u1ebf thu\u1ed1c ch\u1eefa b\u1ec7nh. Kh\u00f4ng d\u00f9ng cho ph\u1ee5 n\u1eef c\u00f3 thai v\u00e0 ng\u01b0\u1eddi m\u1eabn c\u1ea3m v\u1edbi b\u1ea5t k\u1ef3 th\u00e0nh ph\u1ea7n n\u00e0o c\u1ee7a s\u1ea3n ph\u1ea9m.<br \/>\nQuy c\u00e1ch \u0111\u00f3ng g\u00f3i:1 l\u1ecd x 60 vi\u00ean<br \/>\nB\u1ea3o qu\u1ea3n n\u01a1i kh\u00f4 m\u00e1t, tr\u00e1nh \u00e1nh n\u1eafng tr\u1ef1c ti\u1ebfp. \u0110\u1ec3 xa t\u1ea7m tay tr\u1ebb em.<br \/>\nS\u1ea3n ph\u1ea9m s\u1edf h\u1eefu \u0111\u1ed9c quy\u1ec1n b\u1edfi: C\u00f4ng ty TNHH VINHPHARMA Vi\u1ec7t Nam<br \/>\nTh\u01b0\u01a1ng nh\u00e2n ph\u00e2n ph\u1ed1i, ch\u1ecbu tr\u00e1ch nhi\u1ec7m v\u1ec1 ch\u1ea5t l\u01b0\u1ee3ng s\u1ea3n ph\u1ea9m: C\u00f4ng ty TNHH Vinhpharma Vi\u1ec7t Nam. S\u1ed1 166, ng\u00f5 211, ph\u1ed1 Kh\u01b0\u01a1ng Trung, P. Kh\u01b0\u01a1ng \u00d0\u00ecnh, Q. Thanh Xu\u00e2n, TP. H\u00e0 N\u1ed9i<br \/>\nS\u1ea3n xu\u1ea5t t\u1ea1i: C\u00d4NG TY D\u01af\u1ee2C PH\u1ea8M V\u00c0 TH\u01af\u01a0NG M\u1ea0I PH\u01af\u01a0NG \u0110\u00d4NG &#8211; (TNHH)<br \/>\nTS 509, t\u1edd b\u1ea3n \u0111\u1ed3 s\u1ed1 1, CCN H\u1ea1p L\u0129nh, P. H\u1ea1p L\u0129nh, TP. B\u1eafc Ninh, T. B\u1eafc Ninh.<br \/>\nS\u0110KSP: 880\/2020\/\u0110KSP<br \/>\nCSKH: 024.3565.1092<\/div>\n","protected":false},"excerpt":{"rendered":"<div>C\u00f4ng d\u1ee5ng: H\u1ed7 tr\u1ee3 t\u0103ng c\u01b0\u1eddng th\u1ec3 l\u1ef1c, t\u0103ng c\u01b0\u1eddng s\u1ee9c \u0111\u1ec1 kh\u00e1ng, gi\u1ea3m m\u1ec7t m\u1ecfi.<\/div>\n<div><\/div>\n<div>\u0110\u1ed1i t\u01b0\u1ee3ng s\u1eed d\u1ee5ng: D\u00f9ng cho ng\u01b0\u1eddi m\u1ec7t m\u1ecfi, s\u1ee9c kh\u1ecfe k\u00e9m, s\u1ee9c \u0111\u1ec1 kh\u00e1ng k\u00e9m. Ng\u01b0\u1eddi b\u1ecb suy nh\u01b0\u1ee3c c\u01a1 th\u1ec3, ng\u01b0\u1eddi ch\u00e1n \u0103n, ng\u1ee7 k\u00e9m. Ng\u01b0\u1eddi\u00a0c\u1ea7n t\u0103ng c\u01b0\u1eddng th\u1ec3 l\u1ef1c, t\u0103ng c\u01b0\u1eddng s\u1ee9c \u0111\u1ec1 kh\u00e1ng.<\/div>\n<div><\/div>\n","protected":false},"featured_media":515,"comment_status":"open","ping_status":"closed","template":"","meta":[],"product_brand":[],"product_cat":[76],"product_tag":[74,73,75],"class_list":{"0":"post-352","1":"product","2":"type-product","3":"status-publish","4":"has-post-thumbnail","6":"product_cat-bat-tran-linh-dan","7":"product_tag-bat-tran-linh-dan","8":"product_tag-battranlinhdan","9":"product_tag-tang-suc-de-khang","11":"first","12":"instock","13":"shipping-taxable","14":"product-type-simple"},"_links":{"self":[{"href":"https:\/\/vinhpharma.com\/index.php?rest_route=\/wp\/v2\/product\/352","targetHints":{"allow":["GET"]}}],"collection":[{"href":"https:\/\/vinhpharma.com\/index.php?rest_route=\/wp\/v2\/product"}],"about":[{"href":"https:\/\/vinhpharma.com\/index.php?rest_route=\/wp\/v2\/types\/product"}],"replies":[{"embeddable":true,"href":"https:\/\/vinhpharma.com\/index.php?rest_route=%2Fwp%2Fv2%2Fcomments&post=352"}],"wp:featuredmedia":[{"embeddable":true,"href":"https:\/\/vinhpharma.com\/index.php?rest_route=\/wp\/v2\/media\/515"}],"wp:attachment":[{"href":"https:\/\/vinhpharma.com\/index.php?rest_route=%2Fwp%2Fv2%2Fmedia&parent=352"}],"wp:term":[{"taxonomy":"product_brand","embeddable":true,"href":"https:\/\/vinhpharma.com\/index.php?rest_route=%2Fwp%2Fv2%2Fproduct_brand&post=352"},{"taxonomy":"product_cat","embeddable":true,"href":"https:\/\/vinhpharma.com\/index.php?rest_route=%2Fwp%2Fv2%2Fproduct_cat&post=352"},{"taxonomy":"product_tag","embeddable":true,"href":"https:\/\/vinhpharma.com\/index.php?rest_route=%2Fwp%2Fv2%2Fproduct_tag&post=352"}],"curies":[{"name":"wp","href":"https:\/\/api.w.org\/{rel}","templated":true}]}}