{"id":355,"date":"2020-07-07T14:38:48","date_gmt":"2020-07-07T07:38:48","guid":{"rendered":"http:\/\/vinhpharma.com\/?post_type=product&#038;p=355"},"modified":"2025-09-02T23:07:33","modified_gmt":"2025-09-02T16:07:33","slug":"duong-nao-linh-dan","status":"publish","type":"product","link":"https:\/\/vinhpharma.com\/?product=duong-nao-linh-dan","title":{"rendered":"D\u01b0\u1ee1ng N\u00e3o Linh \u0110an"},"content":{"rendered":"<p>Th\u00e0nh ph\u1ea7n: 1 vi\u00ean c\u00f3 ch\u1ee9a 850mg cao h\u1ed7n h\u1ee3p t\u01b0\u01a1ng \u0111\u01b0\u01a1ng v\u1edbi 8500mg d\u01b0\u1ee3c li\u1ec7u \u0110\u1ea3ng s\u00e2m VN, \u0110\u01b0\u01a1ng quy, H\u1ed3ng k\u1ef3, Ng\u01b0u t\u1ea5t, Th\u1ee5c \u0111\u1ecba, B\u1ea1ch linh, B\u1ea1ch th\u01b0\u1ee3c, B\u1ea1ch tru\u1eadt, Kh\u01b0\u01a1ng ho\u1ea1t, T\u00e1o nh\u00e2n, Xuy\u00ean khung, Cam th\u1ea3o.<\/p>\n<p>Ph\u1ee5 li\u1ec7u: V\u1ecf nang gelatin, b\u1ed9t b\u1eafp, ch\u1ea5t ch\u1ed1ng \u0111\u00f4ng v\u00f3n 553(iii), ch\u1ea5t \u1ed5n \u0111\u1ecbnh 170(i), magnesium stearate, polyvinylpyrrolidone (1201),aerosol 200, syloid, ch\u1ea5t b\u1ea3o qu\u1ea3n (216,218) v\u1eeba \u0111\u1ee7 1 vi\u00ean.<\/p>\n<p>C\u00f4ng d\u1ee5ng: H\u1ed7 tr\u1ee3 t\u0103ng c\u01b0\u1eddng tu\u1ea7n ho\u00e0n m\u00e1u n\u00e3o v\u00e0 tu\u1ea7n ho\u00e0n ngo\u1ea1i vi.<\/p>\n<p>\u0110\u1ed1i t\u01b0\u1ee3ng s\u1eed d\u1ee5ng:<\/p>\n<p>Ng\u01b0\u1eddi c\u00f3 c\u00e1c tri\u1ec7u ch\u1ee9ng \u0111au \u0111\u1ea7u, hoa m\u1eaft, ch\u00f3ng m\u1eb7t, m\u1ea5t ng\u1ee7 do thi\u1ec3u n\u0103ng tu\u1ea7n ho\u00e0n n\u00e3o. Ng\u01b0\u1eddi b\u1ecb thi\u1ec3u n\u0103ng tu\u1ea7n ho\u00e0n ngo\u1ea1i vi, t\u00ea b\u00ec ch\u00e2n tay. Ng\u01b0\u1eddi sau tai bi\u1ebfn m\u1ea1ch m\u00e1u n\u00e3o do t\u1eafc m\u1ea1ch.<\/p>\n<p>C\u00e1ch d\u00f9ng: : Ng\u00e0y u\u1ed1ng 2 l\u1ea7n: s\u00e1ng 3 vi\u00ean, t\u1ed1i 3 vi\u00ean, tr\u01b0\u1edbc b\u1eefa \u0103n 30 ph\u00fat. N\u00ean s\u1eed d\u1ee5ng \u00edt nh\u1ea5t m\u1ed9t \u0111\u1ee3t t\u1eeb 1-3 th\u00e1ng \u0111\u1ec3 c\u00f3 hi\u1ec7u qu\u1ea3 t\u1ed1t.<\/p>\n<p>Th\u1ef1c ph\u1ea9m n\u00e0y kh\u00f4ng ph\u1ea3i l\u00e0 thu\u1ed1c , kh\u00f4ng c\u00f3 t\u00e1c d\u1ee5ng thay th\u1ebf thu\u1ed1c ch\u1eefa b\u1ec7nh. Kh\u00f4ng d\u00f9ng cho tr\u1ebb em d\u01b0\u1edbi 12 tu\u1ed5i, ph\u1ee5 n\u1eef c\u00f3 thai, cho con b\u00fa, ph\u1ee5 n\u1eef rong kinh, ng\u01b0\u1eddi chu\u1ea9n b\u1ecb ph\u1eabu thu\u1eadt v\u00e0 ng\u01b0\u1eddi m\u1eabn c\u1ea3m v\u1edbi b\u1ea5t k\u1ef3 th\u00e0nh ph\u1ea7n n\u00e0o c\u1ee7a s\u1ea3n ph\u1ea9m.<\/p>\n<p>S\u1ea3n ph\u1ea9m s\u1edf h\u1eefu \u0111\u1ed9c quy\u1ec1n b\u1edfi: C\u00f4ng ty TNHH VINHPHARMA Vi\u1ec7t Nam.<\/p>\n<p>Th\u01b0\u01a1ng nh\u00e2n ph\u00e2n ph\u1ed1i, ch\u1ecbu tr\u00e1ch nhi\u1ec7m v\u1ec1 ch\u1ea5t l\u01b0\u1ee3ng s\u1ea3n ph\u1ea9m: C\u00f4ng ty TNHH Vinhpharma Vi\u1ec7t Nam S\u1ed1 166, ng\u00f5 211, ph\u1ed1 Kh\u01b0\u01a1ng Trung, P.Kh\u01b0\u01a1ng \u0110\u00ecnh, Q.Thanh Xu\u00e2n, TP.H\u00e0 N\u1ed9i.<\/p>\n<p>S\u1ea3n xu\u1ea5t t\u1ea1i: C\u00d4NG TY D\u01af\u1ee2C PH\u1ea8M V\u00c0 TH\u01af\u01a0NG M\u1ea0I PH\u01af\u01a0NG \u0110\u00d4NG \u2013 (TNHH)<\/p>\n<p>\u0110\u1ecba ch\u1ec9: TS 509, t\u1edd b\u1ea3n \u0111\u1ed3 s\u1ed1 1, CCN H\u1ea1p L\u0129nh, P. H\u1ea1p L\u0129nh, TP.B\u1eafc Ninh, T.B\u1eafc Ninh.<\/p>\n<p>H\u1ed9p: 3 l\u1ecd x 60 vi\u00ean<\/p>\n<p>B\u1ea3o qu\u1ea3n n\u01a1i kh\u00f4 m\u00e1t, tr\u00e1nh \u00e1nh n\u1eafng tr\u1ef1c ti\u1ebfp.<\/p>\n<p>\u0110\u1ec3 xa t\u1ea7m tay tr\u1ebb em.<\/p>\n<p>CSKH: 024.3565.1092<\/p>\n","protected":false},"excerpt":{"rendered":"<p>C\u00f4ng d\u1ee5ng: H\u1ed7 tr\u1ee3 t\u0103ng c\u01b0\u1eddng tu\u1ea7n ho\u00e0n m\u00e1u n\u00e3o v\u00e0 tu\u1ea7n ho\u00e0n ngo\u1ea1i vi.<\/p>\n<p>\u0110\u1ed1i t\u01b0\u1ee3ng s\u1eed d\u1ee5ng: Ng\u01b0\u1eddi c\u00f3 tri\u1ec7u ch\u1ee9ng \u0111au \u0111\u1ea7u, hoa m\u1eaft, ch\u00f3ng m\u1eb7t do m\u1ea5t ng\u1ee7, do thi\u1ec3u n\u0103ng tu\u1ea7n ho\u00e0n n\u00e3o, ng\u01b0\u1eddi b\u1ecb thi\u1ec3u n\u0103ng tu\u1ea7n ho\u00e0n ngo\u1ea1i vi, t\u00ea b\u00ec ch\u00e2n tay, ng\u01b0\u1eddi sau tai bi\u1ebfn m\u1ea1ch m\u00e1u n\u00e3o do t\u1eafc m\u1ea1ch<\/p>\n","protected":false},"featured_media":514,"comment_status":"open","ping_status":"closed","template":"","meta":[],"product_brand":[],"product_cat":[77],"product_tag":[78,79],"class_list":{"0":"post-355","1":"product","2":"type-product","3":"status-publish","4":"has-post-thumbnail","6":"product_cat-duong-nao-linh-dan","7":"product_tag-duong-nao-linh-dan","8":"product_tag-tai-bien","10":"first","11":"instock","12":"shipping-taxable","13":"product-type-simple"},"_links":{"self":[{"href":"https:\/\/vinhpharma.com\/index.php?rest_route=\/wp\/v2\/product\/355","targetHints":{"allow":["GET"]}}],"collection":[{"href":"https:\/\/vinhpharma.com\/index.php?rest_route=\/wp\/v2\/product"}],"about":[{"href":"https:\/\/vinhpharma.com\/index.php?rest_route=\/wp\/v2\/types\/product"}],"replies":[{"embeddable":true,"href":"https:\/\/vinhpharma.com\/index.php?rest_route=%2Fwp%2Fv2%2Fcomments&post=355"}],"wp:featuredmedia":[{"embeddable":true,"href":"https:\/\/vinhpharma.com\/index.php?rest_route=\/wp\/v2\/media\/514"}],"wp:attachment":[{"href":"https:\/\/vinhpharma.com\/index.php?rest_route=%2Fwp%2Fv2%2Fmedia&parent=355"}],"wp:term":[{"taxonomy":"product_brand","embeddable":true,"href":"https:\/\/vinhpharma.com\/index.php?rest_route=%2Fwp%2Fv2%2Fproduct_brand&post=355"},{"taxonomy":"product_cat","embeddable":true,"href":"https:\/\/vinhpharma.com\/index.php?rest_route=%2Fwp%2Fv2%2Fproduct_cat&post=355"},{"taxonomy":"product_tag","embeddable":true,"href":"https:\/\/vinhpharma.com\/index.php?rest_route=%2Fwp%2Fv2%2Fproduct_tag&post=355"}],"curies":[{"name":"wp","href":"https:\/\/api.w.org\/{rel}","templated":true}]}}