{"id":357,"date":"2020-07-07T14:43:28","date_gmt":"2020-07-07T07:43:28","guid":{"rendered":"http:\/\/vinhpharma.com\/?post_type=product&#038;p=357"},"modified":"2025-08-27T16:07:07","modified_gmt":"2025-08-27T09:07:07","slug":"duong-cot-linh-dan","status":"publish","type":"product","link":"https:\/\/vinhpharma.com\/?product=duong-cot-linh-dan","title":{"rendered":"D\u01b0\u1ee1ng C\u1ed1t Linh \u0110an"},"content":{"rendered":"<p>Th\u00e0nh ph\u1ea7n: 1 vi\u00ean c\u00f3 ch\u1ee9a 850mg cao h\u1ed7n h\u1ee3p t\u01b0\u01a1ng \u0111\u01b0\u01a1ng v\u1edbi 8500mg d\u01b0\u1ee3c li\u1ec7u \u0110\u01b0\u01a1ng quy, \u0110\u1ea3ng s\u00e2m VN, \u0110\u1ed7 tr\u1ecdng, \u0110\u1ed9c ho\u1ea1t, Ng\u01b0u t\u1ea5t, Th\u1ee5c \u0111\u1ecba, B\u1ed5 c\u1ed1t ch\u1ec9, Cam th\u1ea3o, Th\u1ed5 ph\u1ee5c linh, T\u1ee5c \u0111o\u1ea1n, \u00dd d\u0129, C\u1ea9u t\u00edch. Ph\u1ee5 li\u1ec7u: V\u1ecf nang gelatin, b\u1ed9t b\u1eafp, ch\u1ea5t ch\u1ed1ng \u0111\u00f4ng v\u00f3n 553(iii), ch\u1ea5t \u1ed5n \u0111\u1ecbnh 170(i), magnesium stearate, polyvinylpyrrolidone (1201), aerosol 200, syloid, ch\u1ea5t b\u1ea3o qu\u1ea3n (216,2180) v\u1eeba \u0111\u1ee7 1 vi\u00ean.<\/p>\n<p>C\u00f4ng d\u1ee5ng: H\u1ed7 tr\u1ee3 l\u00e0m m\u1ea1nh g\u00e2n c\u1ed1t, gi\u00fap l\u00e0m gi\u1ea3m \u0111au nh\u1ee9c x\u01b0\u01a1ng kh\u1edbp.<\/p>\n<p>\u0110\u1ed1i t\u01b0\u1ee3ng s\u1eed d\u1ee5ng: Ng\u01b0\u1eddi b\u1ecb \u0111au nh\u1ee9c kh\u1edbp kh\u00f3 v\u1eadn \u0111\u1ed9ng do b\u1ecb vi\u00eam kh\u1edbp, tho\u00e1i h\u00f3a kh\u1edbp. Ng\u01b0\u1eddi \u0111au l\u01b0ng, \u0111au c\u1ed9t s\u1ed1ng.<\/p>\n<p>C\u00e1ch d\u00f9ng: Ng\u00e0y u\u1ed1ng 2 l\u1ea7n: s\u00e1ng 3 vi\u00ean, t\u1ed1i 3 vi\u00ean, tr\u01b0\u1edbc b\u1eefa \u0103n 30 ph\u00fat. N\u00ean s\u1eed d\u1ee5ng \u00edt nh\u1ea5t m\u1ed9t \u0111\u1ee3t t\u1eeb 1-3 th\u00e1ng \u0111\u1ec3 c\u00f3 hi\u1ec7u qu\u1ea3 t\u1ed1t.<\/p>\n<p>Th\u1ef1c ph\u1ea9m n\u00e0y kh\u00f4ng ph\u1ea3i l\u00e0 thu\u1ed1c , kh\u00f4ng c\u00f3 t\u00e1c d\u1ee5ng thay th\u1ebf thu\u1ed1c ch\u1eefa b\u1ec7nh. Kh\u00f4ng d\u00f9ng cho ph\u1ee5 n\u1eef c\u00f3 thai v\u00e0 ng\u01b0\u1eddi m\u1eabn c\u1ea3m v\u1edbi b\u1ea5t k\u1ef3 th\u00e0nh ph\u1ea7n n\u00e0o c\u1ee7a s\u1ea3n ph\u1ea9m.<\/p>\n<p>H\u1ed9p: 3 l\u1ecd x60 vi\u00ean,<\/p>\n<p>B\u1ea3o qu\u1ea3n \u1edf n\u01a1i kh\u00f4 m\u00e1t, tr\u00e1nh \u00e1nh \u1eafng tr\u1ef1c ti\u1ebfp. \u0110\u1ec3 xa t\u1ea7m tay tr\u1ebb em<\/p>\n<p>S\u1ea3n ph\u1ea9m s\u1edf h\u1eefu \u0111\u1ed9c quy\u1ec1n b\u1edfi: C\u00f4ng ty TNHH VINHPHARMA Vi\u1ec7t Nam.<\/p>\n<p>Th\u01b0\u01a1ng nh\u00e2n ph\u00e2n ph\u1ed1i, ch\u1ecbu tr\u00e1ch nhi\u1ec7m v\u1ec1 ch\u1ea5t l\u01b0\u1ee3ng s\u1ea3n ph\u1ea9m: C\u00f4ng ty TNHH Vinhpharma Vi\u1ec7t Nam S\u1ed1 166, ng\u00f5 211, ph\u1ed1 Kh\u01b0\u01a1ng Trung, P.Kh\u01b0\u01a1ng \u0110\u00ecnh, Q.Thanh Xu\u00e2n, TP.H\u00e0 N\u1ed9i.<\/p>\n<p>S\u1ea3n xu\u1ea5t t\u1ea1i: C\u00d4NG TY D\u01af\u1ee2C PH\u1ea8M V\u00c0 TH\u01af\u01a0NG M\u1ea0I PH\u01af\u01a0NG \u0110\u00d4NG \u2013 (TNHH)<\/p>\n<p>\u0110\u1ecba ch\u1ec9: TS 509, t\u1edd b\u1ea3n \u0111\u1ed3 s\u1ed1 1, CCN H\u1ea1p L\u0129nh, P. H\u1ea1p L\u0129nh, TP.B\u1eafc Ninh, T.B\u1eafc Ninh.<\/p>\n<p>CSKH: 024.3565.1092<\/p>\n","protected":false},"excerpt":{"rendered":"<p>C\u00f4ng d\u1ee5ng: H\u1ed7 tr\u1ee3 l\u00e0m m\u1ea1nh g\u00e2n c\u1ed1t, gi\u00fap l\u00e0m gi\u1ea3m \u0111au nh\u1ee9c x\u01b0\u01a1ng kh\u1edbp.<\/p>\n<p>\u0110\u1ed1i t\u01b0\u1ee3ng s\u1eed d\u1ee5ng: Ng\u01b0\u1eddi b\u1ecb \u0111au nh\u1ee9c x\u01b0\u01a1ng kh\u1edbp kh\u00f3 v\u1eadn \u0111\u1ed9ng do b\u1ecb vi\u00eam kh\u1edbp, tho\u00e1i h\u00f3a kh\u1edbp. Ng\u01b0\u1eddi b\u1ecb \u0111au l\u01b0ng, \u0111au c\u1ed9t s\u1ed1ng.<\/p>\n","protected":false},"featured_media":512,"comment_status":"open","ping_status":"closed","template":"","meta":[],"product_brand":[],"product_cat":[80],"product_tag":[81,83,82],"class_list":{"0":"post-357","1":"product","2":"type-product","3":"status-publish","4":"has-post-thumbnail","6":"product_cat-duong-cot-linh-dan","7":"product_tag-duong-cot-linh-dan","8":"product_tag-thoai-hoa-khop","9":"product_tag-xuong-khop","11":"first","12":"instock","13":"shipping-taxable","14":"product-type-simple"},"_links":{"self":[{"href":"https:\/\/vinhpharma.com\/index.php?rest_route=\/wp\/v2\/product\/357","targetHints":{"allow":["GET"]}}],"collection":[{"href":"https:\/\/vinhpharma.com\/index.php?rest_route=\/wp\/v2\/product"}],"about":[{"href":"https:\/\/vinhpharma.com\/index.php?rest_route=\/wp\/v2\/types\/product"}],"replies":[{"embeddable":true,"href":"https:\/\/vinhpharma.com\/index.php?rest_route=%2Fwp%2Fv2%2Fcomments&post=357"}],"wp:featuredmedia":[{"embeddable":true,"href":"https:\/\/vinhpharma.com\/index.php?rest_route=\/wp\/v2\/media\/512"}],"wp:attachment":[{"href":"https:\/\/vinhpharma.com\/index.php?rest_route=%2Fwp%2Fv2%2Fmedia&parent=357"}],"wp:term":[{"taxonomy":"product_brand","embeddable":true,"href":"https:\/\/vinhpharma.com\/index.php?rest_route=%2Fwp%2Fv2%2Fproduct_brand&post=357"},{"taxonomy":"product_cat","embeddable":true,"href":"https:\/\/vinhpharma.com\/index.php?rest_route=%2Fwp%2Fv2%2Fproduct_cat&post=357"},{"taxonomy":"product_tag","embeddable":true,"href":"https:\/\/vinhpharma.com\/index.php?rest_route=%2Fwp%2Fv2%2Fproduct_tag&post=357"}],"curies":[{"name":"wp","href":"https:\/\/api.w.org\/{rel}","templated":true}]}}