{"id":556,"date":"2024-07-08T14:55:32","date_gmt":"2024-07-08T07:55:32","guid":{"rendered":"http:\/\/vinhpharma.com\/?post_type=product&#038;p=556"},"modified":"2025-05-10T11:23:28","modified_gmt":"2025-05-10T04:23:28","slug":"con-thao-duoc-duong-cot-linh-dan","status":"publish","type":"product","link":"https:\/\/vinhpharma.com\/?product=con-thao-duoc-duong-cot-linh-dan","title":{"rendered":"C\u1ed3n Th\u1ea3o D\u01b0\u1ee3c D\u01b0\u1ee1ng C\u1ed1t Linh \u0110an"},"content":{"rendered":"<div class=\"flex flex-grow flex-col max-w-full\">\n<div class=\"min-h-[20px] text-message flex flex-col items-start whitespace-pre-wrap break-words [.text-message+&amp;]:mt-5 juice:w-full juice:items-end overflow-x-auto gap-2\" dir=\"auto\" data-message-author-role=\"assistant\" data-message-id=\"bf68b3b9-74f3-49f0-bb55-984bc5f7cbf9\">\n<div class=\"flex w-full flex-col gap-1 juice:empty:hidden juice:first:pt-[3px]\">\n<div class=\"markdown prose w-full break-words dark:prose-invert dark\">\n<h1><span style=\"color: #000000;\">H\u01b0\u1edbng D\u1eabn S\u1eed D\u1ee5ng C\u1ed3n Th\u1ea3o D\u01b0\u1ee3c D\u01b0\u1ee1ng C\u1ed1t Linh \u0110an<\/span><\/h1>\n<h2><span style=\"color: #000000;\">1. Th\u00e0nh Ph\u1ea7n<\/span><\/h2>\n<p><span style=\"color: #000000;\">C\u1ed3n th\u1ea3o d\u01b0\u1ee3c D\u01b0\u1ee1ng C\u1ed1t Linh \u0110an bao g\u1ed3m c\u00e1c th\u00e0nh ph\u1ea7n t\u1ef1 nhi\u00ean: \u0110\u1ea1i h\u1ed3i, Long n\u00e3o, Qu\u1ebf, \u0110\u1ecba li\u1ec1n, Methyl salicylate v\u00e0 Ethanol.<\/span><\/p>\n<h2><span style=\"color: #000000;\">2. M\u1ee5c \u0110\u00edch S\u1eed D\u1ee5ng<\/span><\/h2>\n<p><span style=\"color: #000000;\">C\u1ed3n th\u1ea3o d\u01b0\u1ee3c D\u01b0\u1ee1ng C\u1ed1t Linh \u0110an \u0111\u01b0\u1ee3c s\u1eed d\u1ee5ng v\u1edbi c\u00e1c m\u1ee5c \u0111\u00edch sau:<\/span><\/p>\n<ul>\n<li><span style=\"color: #000000;\">L\u00e0m \u1ea5m c\u01a1 th\u1ec3, th\u01b0 gi\u00e3n v\u00e0 gi\u1ea3m \u0111au.<\/span><\/li>\n<li><span style=\"color: #000000;\">Kh\u00e1ng vi\u00eam, \u0111\u1ea3 th\u00f4ng kinh l\u1ea1c, tan b\u1ea7m t\u00edm v\u00e0 t\u1ee5 m\u00e1u.<\/span><\/li>\n<li><span style=\"color: #000000;\">Ho\u1ea1t huy\u1ebft ti\u00eau s\u01b0ng, khu phong t\u00e1n h\u00e0n v\u00e0 tr\u1eeb phong th\u1ea5p.<\/span><\/li>\n<\/ul>\n<h2><span style=\"color: #000000;\">3. \u0110\u1ed1i T\u01b0\u1ee3ng S\u1eed D\u1ee5ng<\/span><\/h2>\n<p><span style=\"color: #000000;\">S\u1ea3n ph\u1ea9m ph\u00f9 h\u1ee3p v\u1edbi nh\u1eefng \u0111\u1ed1i t\u01b0\u1ee3ng sau:<\/span><\/p>\n<ul>\n<li><span style=\"color: #000000;\">Ng\u01b0\u1eddi b\u1ecb c\u1ea3m l\u1ea1nh, l\u1ea1nh tay, l\u1ea1nh ch\u00e2n d\u1eabn \u0111\u1ebfn kh\u00f3 ng\u1ee7.<\/span><\/li>\n<li><span style=\"color: #000000;\">Ng\u01b0\u1eddi b\u1ecb \u0111au \u0111\u1ea7u, \u0111au g\u00e2n, c\u01a1.<\/span><\/li>\n<li><span style=\"color: #000000;\">Ng\u01b0\u1eddi b\u1ecb \u0111au nh\u1ee9c c\u1ed5 vai g\u00e1y, th\u1eaft l\u01b0ng, c\u1ed9t s\u1ed1ng, h\u00f4ng, \u0111\u00f9i, \u0111au kh\u1edbp khu\u1ef7u tay, c\u00e1nh tay, ng\u00f3n tay, \u0111au kh\u1edbp g\u1ed1i, c\u1eb3ng ch\u00e2n, ng\u00f3n ch\u00e2n do vi\u00eam, tho\u00e1i h\u00f3a x\u01b0\u01a1ng kh\u1edbp v\u00e0 tho\u00e1t v\u1ecb \u0111\u0129a \u0111\u1ec7m.<\/span><\/li>\n<li><span style=\"color: #000000;\">Ng\u01b0\u1eddi b\u1ecb ch\u1ea5n th\u01b0\u01a1ng, t\u1ee5 m\u00e1u b\u1ea7m t\u00edm, s\u01b0ng ph\u00f9 n\u1ec1, bong g\u00e2n tr\u1eadt kh\u1edbp.<\/span><\/li>\n<li><span style=\"color: #000000;\">Ng\u01b0\u1eddi b\u1ecb di ch\u1ee9ng tai bi\u1ebfn m\u1ea1ch m\u00e1u n\u00e3o ch\u00e2n tay co c\u1ee9ng.<\/span><\/li>\n<li><span style=\"color: #000000;\">Ng\u01b0\u1eddi mu\u1ed1n l\u00e0m \u1ea5m v\u00e0 th\u01b0 gi\u00e3n c\u01a1 th\u1ec3.<\/span><\/li>\n<\/ul>\n<h2><span style=\"color: #000000;\">4. C\u00e1ch D\u00f9ng<\/span><\/h2>\n<ul>\n<li><span style=\"color: #000000;\">X\u1ecbt m\u1ed9t l\u1edbp d\u1ecbch m\u1ecfng l\u00ean v\u00f9ng da c\u1ea7n s\u1eed d\u1ee5ng, sau \u0111\u00f3 xoa b\u00f3p ho\u1eb7c massage nh\u1eb9 nh\u00e0ng kho\u1ea3ng 1-2 ph\u00fat.<\/span><\/li>\n<li><span style=\"color: #000000;\">X\u1ecbt th\u00eam 1-2 l\u1edbp d\u1ecbch m\u1ecfng n\u1eefa l\u00ean v\u00f9ng da \u0111\u00f3, sau \u0111\u00f3 b\u1ecdc v\u00f9ng da b\u1eb1ng nilon k\u00edn ho\u1eb7c m\u00e0ng b\u1ecdc th\u1ef1c ph\u1ea9m \u0111\u1ec3 tr\u00e1nh bay h\u01a1i.<\/span><\/li>\n<li><span style=\"color: #000000;\">C\u1ea3m nh\u1eadn \u0111\u01b0\u1ee3c v\u00f9ng da \u1ea5m l\u00ean.<\/span><\/li>\n<li><span style=\"color: #000000;\">S\u1eed d\u1ee5ng 2-3 l\u1ea7n m\u1ed7i ng\u00e0y.<\/span><\/li>\n<\/ul>\n<h2><span style=\"color: #000000;\">5. L\u01b0u \u00dd<\/span><\/h2>\n<ul>\n<li><span style=\"color: #000000;\">\u0110\u1ec3 xa t\u1ea7m tay tr\u1ebb em.<\/span><\/li>\n<li><span style=\"color: #000000;\">S\u1ea3n ph\u1ea9m ch\u1ec9 d\u00f9ng ngo\u00e0i da, kh\u00f4ng \u0111\u01b0\u1ee3c u\u1ed1ng.<\/span><\/li>\n<li><span style=\"color: #000000;\">Kh\u00f4ng d\u00f9ng cho c\u00e1c v\u00f9ng ni\u00eam m\u1ea1c v\u00e0 v\u1ebft th\u01b0\u01a1ng h\u1edf.<\/span><\/li>\n<li><span style=\"color: #000000;\">D\u00f9ng th\u1eadn tr\u1ecdng v\u1edbi nh\u1eefng v\u00f9ng da nh\u1ea1y c\u1ea3m.<\/span><\/li>\n<li><span style=\"color: #000000;\">Trong qu\u00e1 tr\u00ecnh s\u1eed d\u1ee5ng, \u0111\u1eb7c bi\u1ec7t n\u1ebfu s\u1eed d\u1ee5ng l\u00e2u d\u00e0i, c\u00f3 th\u1ec3 g\u00e2y ra hi\u1ec7n t\u01b0\u1ee3ng k\u00edch \u1ee9ng. N\u1ebfu x\u1ea3y ra hi\u1ec7n t\u01b0\u1ee3ng k\u00edch \u1ee9ng, n\u00ean ng\u01b0ng s\u1eed d\u1ee5ng m\u1ed9t th\u1eddi gian.<\/span><\/li>\n<\/ul>\n<h2><span style=\"color: #000000;\">6. B\u1ea3o Qu\u1ea3n<\/span><\/h2>\n<ul>\n<li><span style=\"color: #000000;\">B\u1ea3o qu\u1ea3n n\u01a1i kh\u00f4 r\u00e1o, tho\u00e1ng m\u00e1t, tr\u00e1nh ti\u1ebfp x\u00fac g\u1ea7n l\u1eeda.<\/span><\/li>\n<li><span style=\"color: #000000;\">Tr\u00e1nh \u00e1nh n\u1eafng tr\u1ef1c ti\u1ebfp chi\u1ebfu v\u00e0o s\u1ea3n ph\u1ea9m.<\/span><\/li>\n<\/ul>\n<h2><span style=\"color: #000000;\">7. Ti\u00eau chu\u1ea9n v\u00e0\u00a0H\u1ea1n S\u1eed D\u1ee5ng<\/span><\/h2>\n<ul>\n<li><span style=\"color: #000000;\">S\u1ea3n ph\u1ea9m c\u00f3 h\u1ea1n s\u1eed d\u1ee5ng 3 n\u0103m k\u1ec3 t\u1eeb ng\u00e0y s\u1ea3n xu\u1ea5t.<\/span><\/li>\n<li><span style=\"color: #000000;\">S\u1ea3n ph\u1ea9m \u0111\u01b0\u1ee3c s\u1ea3n xu\u1ea5t theo ti\u00eau chu\u1ea9n c\u01a1 s\u1edf (TCCS).<\/span><\/li>\n<\/ul>\n<\/div>\n<\/div>\n<\/div>\n<\/div>\n","protected":false},"excerpt":{"rendered":"<div class=\"flex flex-grow flex-col max-w-full\">\n<div class=\"min-h-[20px] text-message flex flex-col items-start whitespace-pre-wrap break-words [.text-message+&amp;]:mt-5 juice:w-full juice:items-end overflow-x-auto gap-2\" dir=\"auto\" data-message-author-role=\"assistant\" data-message-id=\"bf68b3b9-74f3-49f0-bb55-984bc5f7cbf9\">\n<div class=\"flex w-full flex-col gap-1 juice:empty:hidden juice:first:pt-[3px]\">\n<div class=\"markdown prose w-full break-words dark:prose-invert dark\">\n<p><span style=\"color: #282828;\">C\u1ed3n th\u1ea3o d\u01b0\u1ee3c D\u01b0\u1ee1ng C\u1ed1t Linh \u0110an l\u00e0 s\u1ea3n ph\u1ea9m ch\u0103m s\u00f3c s\u1ee9c kh\u1ecfe t\u1eeb thi\u00ean nhi\u00ean. S\u1ea3n ph\u1ea9m n\u00e0y c\u00f3 c\u00f4ng d\u1ee5ng l\u00e0m \u1ea5m c\u01a1 th\u1ec3, gi\u1ea3m \u0111au, kh\u00e1ng vi\u00eam, \u0111\u1ea3 th\u00f4ng kinh l\u1ea1c, tan b\u1ea7m t\u00edm v\u00e0 ti\u00eau s\u01b0ng. D\u01b0\u1ee1ng C\u1ed1t Linh \u0110an \u0111\u1eb7c bi\u1ec7t hi\u1ec7u qu\u1ea3 cho nh\u1eefng ng\u01b0\u1eddi b\u1ecb c\u1ea3m l\u1ea1nh, \u0111au \u0111\u1ea7u, \u0111au c\u01a1 v\u00e0 kh\u1edbp, ch\u1ea5n th\u01b0\u01a1ng, t\u1ee5 m\u00e1u, bong g\u00e2n, v\u00e0 nh\u1eefng ai mu\u1ed1n th\u01b0 gi\u00e3n c\u01a1 th\u1ec3. V\u1edbi mong mu\u1ed1n \u0111em l\u1ea1i\u00a0s\u1ea3n ph\u1ea9m\u00a0\u0111\u1eb7c bi\u1ec7t cho ng\u01b0\u1eddi d\u00f9ng khi kh\u00f4ng c\u1ea7n xoa b\u00f3p m\u00e0 ch\u1ec9 c\u1ea7n x\u1ecbt l\u00ean da v\u00e0 \u1ee7 \u1ea5m trong th\u1eddi gian ng\u1eafn \u0111\u1ec3 ph\u00e1t huy t\u00e1c d\u1ee5ng l\u00e0m \u1ea5m c\u01a1 th\u1ec3 v\u00e0 t\u0103ng t\u00ednh th\u1ea9m th\u1ea5u gi\u00fap ng\u01b0\u1eddi s\u1eed d\u1ee5ng c\u00f3 th\u1ec3 d\u1ec5 d\u00e0ng th\u1ef1c hi\u1ec7n ngay t\u1ea1i ch\u00ednh c\u0103n nh\u00e0 c\u1ee7a m\u00ecnh. S\u1ea3n ph\u1ea9m an to\u00e0n, d\u1ec5 b\u1ea3o qu\u1ea3n \u1edf n\u01a1i kh\u00f4 r\u00e1o, tho\u00e1ng m\u00e1t, tr\u00e1nh xa l\u1eeda v\u00e0 \u00e1nh n\u1eafng tr\u1ef1c ti\u1ebfp. D\u01b0\u1ee1ng C\u1ed1t Linh \u0110an l\u00e0 gi\u1ea3i ph\u00e1p t\u1ef1 nhi\u00ean gi\u00fap ch\u0103m s\u00f3c v\u00e0 b\u1ea3o v\u1ec7 s\u1ee9c kh\u1ecfe c\u1ee7a b\u1ea1n m\u1ed7i ng\u00e0y.<\/span><\/p>\n<\/div>\n<\/div>\n<\/div>\n<\/div>\n","protected":false},"featured_media":559,"comment_status":"open","ping_status":"closed","template":"","meta":[],"product_brand":[],"product_cat":[94,80],"product_tag":[95,98,96,97,99],"class_list":{"0":"post-556","1":"product","2":"type-product","3":"status-publish","4":"has-post-thumbnail","6":"product_cat-con-thao-duoc-duong-cot-linh-dan","7":"product_cat-duong-cot-linh-dan","8":"product_tag-con-thao-duoc","9":"product_tag-dia-lien","10":"product_tag-giam-dau","11":"product_tag-khang-viem","12":"product_tag-khong-can-xoa-bop","14":"first","15":"instock","16":"shipping-taxable","17":"product-type-simple"},"_links":{"self":[{"href":"https:\/\/vinhpharma.com\/index.php?rest_route=\/wp\/v2\/product\/556","targetHints":{"allow":["GET"]}}],"collection":[{"href":"https:\/\/vinhpharma.com\/index.php?rest_route=\/wp\/v2\/product"}],"about":[{"href":"https:\/\/vinhpharma.com\/index.php?rest_route=\/wp\/v2\/types\/product"}],"replies":[{"embeddable":true,"href":"https:\/\/vinhpharma.com\/index.php?rest_route=%2Fwp%2Fv2%2Fcomments&post=556"}],"wp:featuredmedia":[{"embeddable":true,"href":"https:\/\/vinhpharma.com\/index.php?rest_route=\/wp\/v2\/media\/559"}],"wp:attachment":[{"href":"https:\/\/vinhpharma.com\/index.php?rest_route=%2Fwp%2Fv2%2Fmedia&parent=556"}],"wp:term":[{"taxonomy":"product_brand","embeddable":true,"href":"https:\/\/vinhpharma.com\/index.php?rest_route=%2Fwp%2Fv2%2Fproduct_brand&post=556"},{"taxonomy":"product_cat","embeddable":true,"href":"https:\/\/vinhpharma.com\/index.php?rest_route=%2Fwp%2Fv2%2Fproduct_cat&post=556"},{"taxonomy":"product_tag","embeddable":true,"href":"https:\/\/vinhpharma.com\/index.php?rest_route=%2Fwp%2Fv2%2Fproduct_tag&post=556"}],"curies":[{"name":"wp","href":"https:\/\/api.w.org\/{rel}","templated":true}]}}